{"id":866,"date":"2024-12-03T17:51:39","date_gmt":"2024-12-03T16:51:39","guid":{"rendered":"https:\/\/fromagerie.maison-cardinet.com\/voiron\/?post_type=product&#038;p=866"},"modified":"2024-12-13T00:25:48","modified_gmt":"2024-12-12T23:25:48","slug":"fondue-4-fromages","status":"publish","type":"product","link":"https:\/\/fromagerie.maison-cardinet.com\/voiron\/produit\/fondue-4-fromages\/","title":{"rendered":"Fondue 4 fromages"},"content":{"rendered":"<p>D\u00e9couvrez notre <strong>fondue 4 fromages<\/strong>.<\/p>\n<p>Un d\u00e9licieux m\u00e9lange de\u00a0<strong>Gruy\u00e8re suisse d&rsquo;alpage<\/strong>, <strong>Beaufort chalet d&rsquo;alpage<\/strong>, <strong>Comt\u00e9 extra fruit\u00e9<\/strong> et <strong>Vacherin fribourgeois<\/strong> !<\/p>\n<p>Bien s\u00fbr, nos <strong>fromages \u00e0 fondue<\/strong> sont livr\u00e9s <strong>r\u00e2p\u00e9s<\/strong>.<\/p>\n","protected":false},"excerpt":{"rendered":"<p>Un d\u00e9licieux m\u00e9lange de\u00a0<strong>Gruy\u00e8re suisse d&rsquo;alpage<\/strong>, <strong>Beaufort chalet d&rsquo;alpage<\/strong>, <strong>Comt\u00e9 extra fruit\u00e9<\/strong> et <strong>Vacherin fribourgeois<\/strong> !<\/p>\n","protected":false},"featured_media":867,"template":"","meta":[],"product_brand":[],"product_cat":[44],"product_tag":[132,33,133,112,146,147,118,113,120,116,117],"class_list":{"0":"post-866","1":"product","2":"type-product","3":"status-publish","4":"has-post-thumbnail","6":"product_cat-fondues","7":"product_tag-beaufort-chalet-dalpage","8":"product_tag-comte","9":"product_tag-comte-extra-fruite","10":"product_tag-fondue","11":"product_tag-fondue-4-fromages","12":"product_tag-fondue-4-fromages-a-voiron","13":"product_tag-fondue-a-voiron","14":"product_tag-fondue-en-ligne","15":"product_tag-gruyere-suisse-dalpage","16":"product_tag-soiree-fondue","17":"product_tag-vacherin-fribourgeois","19":"first","20":"instock","21":"shipping-taxable","22":"purchasable","23":"product-type-simple"},"aioseo_notices":[],"_links":{"self":[{"href":"https:\/\/fromagerie.maison-cardinet.com\/voiron\/wp-json\/wp\/v2\/product\/866","targetHints":{"allow":["GET"]}}],"collection":[{"href":"https:\/\/fromagerie.maison-cardinet.com\/voiron\/wp-json\/wp\/v2\/product"}],"about":[{"href":"https:\/\/fromagerie.maison-cardinet.com\/voiron\/wp-json\/wp\/v2\/types\/product"}],"wp:featuredmedia":[{"embeddable":true,"href":"https:\/\/fromagerie.maison-cardinet.com\/voiron\/wp-json\/wp\/v2\/media\/867"}],"wp:attachment":[{"href":"https:\/\/fromagerie.maison-cardinet.com\/voiron\/wp-json\/wp\/v2\/media?parent=866"}],"wp:term":[{"taxonomy":"product_brand","embeddable":true,"href":"https:\/\/fromagerie.maison-cardinet.com\/voiron\/wp-json\/wp\/v2\/product_brand?post=866"},{"taxonomy":"product_cat","embeddable":true,"href":"https:\/\/fromagerie.maison-cardinet.com\/voiron\/wp-json\/wp\/v2\/product_cat?post=866"},{"taxonomy":"product_tag","embeddable":true,"href":"https:\/\/fromagerie.maison-cardinet.com\/voiron\/wp-json\/wp\/v2\/product_tag?post=866"}],"curies":[{"name":"wp","href":"https:\/\/api.w.org\/{rel}","templated":true}]}}