{"id":350,"date":"2023-11-29T23:52:21","date_gmt":"2023-11-29T22:52:21","guid":{"rendered":"https:\/\/fromagerie.maison-cardinet.com\/voiron\/?post_type=product&#038;p=350"},"modified":"2025-12-04T19:05:02","modified_gmt":"2025-12-04T18:05:02","slug":"plateau-charcuterie","status":"publish","type":"product","link":"https:\/\/fromagerie.maison-cardinet.com\/voiron\/produit\/plateau-charcuterie\/","title":{"rendered":"Plateau de charcuterie"},"content":{"rendered":"<p>A <strong>Voiron<\/strong> : d\u00e9couvrez nos <strong>plateaux de charcuterie \u00e0 emporter<\/strong>, parfaits pour accompagner une <strong>raclette<\/strong> ou un <strong>ap\u00e9ritif<\/strong>&#8230;<\/p>\n<p>Parmi nos <strong>charcuteries<\/strong>, s\u00e9lectionn\u00e9es avec attention (par Guillaume Cardinet et selon les disponibilit\u00e9s) : <strong>Jambon blanc<\/strong>, <strong>Filet de dinde<\/strong>, <strong>Viande des Grisons<\/strong>, <strong>Pav\u00e9 aux c\u00e8pes<\/strong>, <strong>Pav\u00e9 Espelette<\/strong>, <strong>Bacon<\/strong>, <strong>Chorizo iberico de bellotta<\/strong>, <strong>Speck<\/strong>, <strong>Lonzo<\/strong>, <strong>Coppa italienne<\/strong>&#8230;<\/p>\n<p>Les charcuteries sont <strong>tranch\u00e9es \u00e0 l\u2019italienne<\/strong>.<\/p>\n<p><em>Photo pr\u00e9sent\u00e9e \u00e0 titre d&rsquo;illustration. La composition des plateaux peut varier selon les choix du fromager.<\/em><\/p>\n","protected":false},"excerpt":{"rendered":"<p>A <strong>Voiron<\/strong> : commandez votre <strong>plateau de charcuterie<\/strong> \u00e0 emporter, parfait pour accompagner une <strong>raclette<\/strong> ou un <strong>ap\u00e9ritif<\/strong>&#8230;<\/p>\n<div style=\"font-weight: bold; color: #cc0000;\">NB : une consigne de 4\u20ac vous sera demand\u00e9e pour le plateau (consigne qui vous est rembours\u00e9e au retour du plateau)<\/div>\n","protected":false},"featured_media":182,"template":"","meta":[],"product_brand":[],"product_cat":[126],"product_tag":[53,127,141,140],"class_list":{"0":"post-350","1":"product","2":"type-product","3":"status-publish","4":"has-post-thumbnail","6":"product_cat-charcuterie","7":"product_tag-charcuterie","8":"product_tag-plateau-de-charcuterie","9":"product_tag-plateau-de-charcuterie-a-voiron","10":"product_tag-voiron","12":"first","13":"instock","14":"shipping-taxable","15":"purchasable","16":"product-type-simple"},"aioseo_notices":[],"_links":{"self":[{"href":"https:\/\/fromagerie.maison-cardinet.com\/voiron\/wp-json\/wp\/v2\/product\/350","targetHints":{"allow":["GET"]}}],"collection":[{"href":"https:\/\/fromagerie.maison-cardinet.com\/voiron\/wp-json\/wp\/v2\/product"}],"about":[{"href":"https:\/\/fromagerie.maison-cardinet.com\/voiron\/wp-json\/wp\/v2\/types\/product"}],"wp:featuredmedia":[{"embeddable":true,"href":"https:\/\/fromagerie.maison-cardinet.com\/voiron\/wp-json\/wp\/v2\/media\/182"}],"wp:attachment":[{"href":"https:\/\/fromagerie.maison-cardinet.com\/voiron\/wp-json\/wp\/v2\/media?parent=350"}],"wp:term":[{"taxonomy":"product_brand","embeddable":true,"href":"https:\/\/fromagerie.maison-cardinet.com\/voiron\/wp-json\/wp\/v2\/product_brand?post=350"},{"taxonomy":"product_cat","embeddable":true,"href":"https:\/\/fromagerie.maison-cardinet.com\/voiron\/wp-json\/wp\/v2\/product_cat?post=350"},{"taxonomy":"product_tag","embeddable":true,"href":"https:\/\/fromagerie.maison-cardinet.com\/voiron\/wp-json\/wp\/v2\/product_tag?post=350"}],"curies":[{"name":"wp","href":"https:\/\/api.w.org\/{rel}","templated":true}]}}