{"id":289,"date":"2023-10-25T00:29:36","date_gmt":"2023-10-24T22:29:36","guid":{"rendered":"https:\/\/fromagerie.maison-cardinet.com\/voiron\/?post_type=product&#038;p=289"},"modified":"2025-09-19T11:29:37","modified_gmt":"2025-09-19T09:29:37","slug":"baby-mont-dor-boite-chaude-500g","status":"publish","type":"product","link":"https:\/\/fromagerie.maison-cardinet.com\/voiron\/produit\/baby-mont-dor-boite-chaude-500g\/","title":{"rendered":"Baby Mont d&rsquo;Or &#8211; Boite Chaude &#8211; 500g"},"content":{"rendered":"<p>Connaissez-vous le <strong>Mont d&rsquo;Or au four<\/strong> ?<br \/>\nUne belle alternative \u00e0 la fondue pour d\u00e9guster un d\u00e9licieux <strong>fromage du terroir Franc Comtois<\/strong>.<\/p>\n<p>Notre <strong>boite chaude<\/strong> au <strong>Mont d&rsquo;Or<\/strong> pour <strong>deux personnes<\/strong>, un plat id\u00e9al <strong>en amoureux<\/strong> !<\/p>\n<p>Vous pourrez l&rsquo;accompagner de <strong>pommes de terre vapeur<\/strong>, d&rsquo;une <strong>salade de roquette<\/strong> et, bien s\u00fbr, de <strong>charcuterie<\/strong> (dont la <strong>viande des grisons<\/strong>).<\/p>\n<p><em><strong>Nos conseils pour les gourmets :<\/strong><\/em><\/p>\n<ul>\n<li>Certains creusent une petite chemin\u00e9e au milieu du fromage et y d\u00e9posent <strong>quelques cuill\u00e8res \u00e0 caf\u00e9 de vin blanc<\/strong> (et pourquoi pas un <strong>vin blanc d\u2019Arbois<\/strong>, pour respecter le \u00ab\u00a0terroir sur terroir\u00a0\u00bb ?)<\/li>\n<li>Le <strong>Mont d&rsquo;Or au four<\/strong> se marie parfaitement bien avec des <strong>noix de saison<\/strong> ou une <strong>figue fraiche<\/strong> !<\/li>\n<\/ul>\n<p><strong>Quantit\u00e9s :<\/strong> environ 500 g de fromage et 7 tranches de viande des grisons par convive (2 convives).<\/p>\n","protected":false},"excerpt":{"rendered":"<p>Connaissez-vous le <strong>Mont d&rsquo;Or au four<\/strong> ?<br \/>\nUne belle alternative \u00e0 la fondue pour d\u00e9guster un d\u00e9licieux <strong>fromage du terroir Franc Comtois<\/strong>.<\/p>\n<p>Notre <strong>boite chaude<\/strong> au <strong>Mont d&rsquo;Or<\/strong> pour <strong>deux personnes<\/strong>.<\/p>\n<p>&nbsp;<\/p>\n","protected":false},"featured_media":290,"template":"","meta":[],"product_brand":[],"product_cat":[55],"product_tag":[66,59,60,58,61,62,63],"class_list":{"0":"post-289","1":"product","2":"type-product","3":"status-publish","4":"has-post-thumbnail","6":"product_cat-mont-dor","7":"product_tag-baby-mont-dor","8":"product_tag-boite-chaude","9":"product_tag-franche-comte","10":"product_tag-mont-dor","11":"product_tag-mont-dor-a-emporter","12":"product_tag-mont-dor-au-four","13":"product_tag-mont-dor-en-ligne","15":"first","16":"instock","17":"shipping-taxable","18":"purchasable","19":"product-type-simple"},"aioseo_notices":[],"_links":{"self":[{"href":"https:\/\/fromagerie.maison-cardinet.com\/voiron\/wp-json\/wp\/v2\/product\/289","targetHints":{"allow":["GET"]}}],"collection":[{"href":"https:\/\/fromagerie.maison-cardinet.com\/voiron\/wp-json\/wp\/v2\/product"}],"about":[{"href":"https:\/\/fromagerie.maison-cardinet.com\/voiron\/wp-json\/wp\/v2\/types\/product"}],"wp:featuredmedia":[{"embeddable":true,"href":"https:\/\/fromagerie.maison-cardinet.com\/voiron\/wp-json\/wp\/v2\/media\/290"}],"wp:attachment":[{"href":"https:\/\/fromagerie.maison-cardinet.com\/voiron\/wp-json\/wp\/v2\/media?parent=289"}],"wp:term":[{"taxonomy":"product_brand","embeddable":true,"href":"https:\/\/fromagerie.maison-cardinet.com\/voiron\/wp-json\/wp\/v2\/product_brand?post=289"},{"taxonomy":"product_cat","embeddable":true,"href":"https:\/\/fromagerie.maison-cardinet.com\/voiron\/wp-json\/wp\/v2\/product_cat?post=289"},{"taxonomy":"product_tag","embeddable":true,"href":"https:\/\/fromagerie.maison-cardinet.com\/voiron\/wp-json\/wp\/v2\/product_tag?post=289"}],"curies":[{"name":"wp","href":"https:\/\/api.w.org\/{rel}","templated":true}]}}