{"id":186,"date":"2020-04-22T23:06:07","date_gmt":"2020-04-22T21:06:07","guid":{"rendered":"https:\/\/fromagerie.maison-cardinet.com\/voiron\/boutique\/non%20class\u00e9\/plateau-raclette\/"},"modified":"2025-12-04T00:42:26","modified_gmt":"2025-12-03T23:42:26","slug":"raclette","status":"publish","type":"product","link":"https:\/\/fromagerie.maison-cardinet.com\/voiron\/produit\/raclette\/","title":{"rendered":"Raclette"},"content":{"rendered":"<p><strong>Soir\u00e9e raclette ?<\/strong><\/p>\n<p>Envie de changer de la raclette traditionnelle, envie de <strong>d\u00e9couvrir de nouvelles saveurs<\/strong> et de <strong>surprendre votre famille ou vos invit\u00e9s<\/strong> ?<\/p>\n<p>Vari\u00e9t\u00e9 de go\u00fbts, ce sont jusqu&rsquo;\u00e0 <strong>sept fromages diff\u00e9rents<\/strong> (selon le nombre de convives) qui composent nos <strong>raclettes<\/strong>, d\u00e9coup\u00e9es \u00e0 la beaufortaise (forme plus artisanale et originale, plus triangulaire).<\/p>\n<p>Parmi nos <strong>fromages \u00e0 raclette d\u2019exception<\/strong> : <strong>raclette au f\u00e9nugrec<\/strong>, <strong>raclette nature au lait cru<\/strong>, <strong>raclette fum\u00e9e<\/strong>, <strong>raclette au bleu<\/strong>, <strong>raclette de ch\u00e8vre<\/strong>, <strong>raclette \u00e0 la truffe<\/strong>, <strong>raclette \u00e0 l\u2019ail des ours<\/strong>, <strong>raclette au piment<\/strong>, <strong>raclette au poivre<\/strong>, <strong>raclette aux 5 baies<\/strong>, <strong>raclette aux c\u00e8pes<\/strong>, <strong>raclette \u00e0 la liqueur de noix<\/strong>, <strong>raclette \u00e0 la tomate s\u00e9ch\u00e9e<\/strong>, <strong>raclette aux graines de moutarde<\/strong>, <strong>raclette \u00e0 l\u2019\u00e9chalote<\/strong>, <strong>raclette aux fleurs<\/strong>.<\/p>\n<p>Ces <strong>fromages \u00e0 raclette natures ou aromatis\u00e9s<\/strong> sont tous choisis avec soin par la Maison Cardinet (selon les disponibilit\u00e9s et les choix du fromager).<\/p>\n<p>Le <strong>fromage \u00e0 raclette<\/strong> vous est propos\u00e9 <strong>tranch\u00e9<\/strong> et <strong>\u00e9tiquet\u00e9<\/strong> en fonction de sa saveur, pour le plaisir du choix et de la d\u00e9couverte.<\/p>\n","protected":false},"excerpt":{"rendered":"<p>Une <strong>vari\u00e9t\u00e9 de go\u00fbts<\/strong>, ce sont jusqu&rsquo;\u00e0 <strong>sept fromages d\u2019exception<\/strong> (selon le nombre de convives) qui composent nos <strong>raclettes<\/strong>, d\u00e9coup\u00e9es \u00e0 la beaufortaise (forme plus artisanale et originale).<\/p>\n","protected":false},"featured_media":180,"template":"","meta":[],"product_brand":[],"product_cat":[46],"product_tag":[67,51,68,50,70,71,69,125,72,73,74,75,76,77,78,79,80,81],"class_list":{"0":"post-186","1":"product","2":"type-product","3":"status-publish","4":"has-post-thumbnail","6":"product_cat-raclettes","7":"product_tag-bleu-en-raclette","8":"product_tag-plateau-raclette","9":"product_tag-plateau-raclette-pour-reveillon","10":"product_tag-raclette","11":"product_tag-raclette-a-lail-des-ours","12":"product_tag-raclette-a-lechalote","13":"product_tag-raclette-a-la-liqueur-de-noix","14":"product_tag-raclette-a-voiron","15":"product_tag-raclette-aromatisee","16":"product_tag-raclette-au-fenugrec","17":"product_tag-raclette-au-piment","18":"product_tag-raclette-aux-cepes","19":"product_tag-raclette-aux-graines-de-moutarde","20":"product_tag-raclette-de-chevre","21":"product_tag-raclette-en-ligne","22":"product_tag-raclette-nature-au-lait-cru","23":"product_tag-raclette-truffee","24":"product_tag-soiree-raclette","26":"first","27":"instock","28":"shipping-taxable","29":"purchasable","30":"product-type-simple"},"aioseo_notices":[],"_links":{"self":[{"href":"https:\/\/fromagerie.maison-cardinet.com\/voiron\/wp-json\/wp\/v2\/product\/186","targetHints":{"allow":["GET"]}}],"collection":[{"href":"https:\/\/fromagerie.maison-cardinet.com\/voiron\/wp-json\/wp\/v2\/product"}],"about":[{"href":"https:\/\/fromagerie.maison-cardinet.com\/voiron\/wp-json\/wp\/v2\/types\/product"}],"wp:featuredmedia":[{"embeddable":true,"href":"https:\/\/fromagerie.maison-cardinet.com\/voiron\/wp-json\/wp\/v2\/media\/180"}],"wp:attachment":[{"href":"https:\/\/fromagerie.maison-cardinet.com\/voiron\/wp-json\/wp\/v2\/media?parent=186"}],"wp:term":[{"taxonomy":"product_brand","embeddable":true,"href":"https:\/\/fromagerie.maison-cardinet.com\/voiron\/wp-json\/wp\/v2\/product_brand?post=186"},{"taxonomy":"product_cat","embeddable":true,"href":"https:\/\/fromagerie.maison-cardinet.com\/voiron\/wp-json\/wp\/v2\/product_cat?post=186"},{"taxonomy":"product_tag","embeddable":true,"href":"https:\/\/fromagerie.maison-cardinet.com\/voiron\/wp-json\/wp\/v2\/product_tag?post=186"}],"curies":[{"name":"wp","href":"https:\/\/api.w.org\/{rel}","templated":true}]}}