{"id":177,"date":"2020-09-17T21:49:02","date_gmt":"2020-09-17T19:49:02","guid":{"rendered":"https:\/\/fromagerie.maison-cardinet.com\/voiron\/boutique\/non%20class\u00e9\/fondue-savoyarde\/"},"modified":"2024-12-13T00:16:46","modified_gmt":"2024-12-12T23:16:46","slug":"fondue-savoyarde","status":"publish","type":"product","link":"https:\/\/fromagerie.maison-cardinet.com\/voiron\/produit\/fondue-savoyarde\/","title":{"rendered":"Fondue savoyarde"},"content":{"rendered":"<p>Envie de d\u00e9guster une <strong>Fondue savoyarde<\/strong> ?<\/p>\n<p>Un d\u00e9licieux m\u00e9lange de <strong>Comt\u00e9<\/strong>, de <strong>Beaufort<\/strong> et de <strong>Vacherin fribourgeois<\/strong> !<\/p>\n<p>Bien s\u00fbr, nos <strong>fromages \u00e0 fondue<\/strong> sont livr\u00e9s <strong>r\u00e2p\u00e9s<\/strong> !<\/p>\n<p>La <strong>fondue<\/strong> est un <strong>plat convivial<\/strong> par excellence, id\u00e9al pendant la saison froide (mais rien n\u2019interdit de d\u00e9guster une bonne fondue toute l\u2019ann\u00e9e !)<\/p>\n","protected":false},"excerpt":{"rendered":"<p>La <strong>fondue savoyarde<\/strong> : un grand classique de fondue r\u00e9gionale, un d\u00e9licieux m\u00e9lange de <strong>Comt\u00e9<\/strong>, de <strong>Beaufort<\/strong> et de <strong>Vacherin fribourgeois<\/strong> !<\/p>\n","protected":false},"featured_media":178,"template":"","meta":[],"product_brand":[],"product_cat":[44],"product_tag":[123,33,112,118,113,124,142,116,117],"class_list":{"0":"post-177","1":"product","2":"type-product","3":"status-publish","4":"has-post-thumbnail","6":"product_cat-fondues","7":"product_tag-beaufort","8":"product_tag-comte","9":"product_tag-fondue","10":"product_tag-fondue-a-voiron","11":"product_tag-fondue-en-ligne","12":"product_tag-fondue-savoyarde","13":"product_tag-fondue-savoyarde-a-voiron","14":"product_tag-soiree-fondue","15":"product_tag-vacherin-fribourgeois","17":"first","18":"instock","19":"shipping-taxable","20":"purchasable","21":"product-type-simple"},"aioseo_notices":[],"_links":{"self":[{"href":"https:\/\/fromagerie.maison-cardinet.com\/voiron\/wp-json\/wp\/v2\/product\/177","targetHints":{"allow":["GET"]}}],"collection":[{"href":"https:\/\/fromagerie.maison-cardinet.com\/voiron\/wp-json\/wp\/v2\/product"}],"about":[{"href":"https:\/\/fromagerie.maison-cardinet.com\/voiron\/wp-json\/wp\/v2\/types\/product"}],"wp:featuredmedia":[{"embeddable":true,"href":"https:\/\/fromagerie.maison-cardinet.com\/voiron\/wp-json\/wp\/v2\/media\/178"}],"wp:attachment":[{"href":"https:\/\/fromagerie.maison-cardinet.com\/voiron\/wp-json\/wp\/v2\/media?parent=177"}],"wp:term":[{"taxonomy":"product_brand","embeddable":true,"href":"https:\/\/fromagerie.maison-cardinet.com\/voiron\/wp-json\/wp\/v2\/product_brand?post=177"},{"taxonomy":"product_cat","embeddable":true,"href":"https:\/\/fromagerie.maison-cardinet.com\/voiron\/wp-json\/wp\/v2\/product_cat?post=177"},{"taxonomy":"product_tag","embeddable":true,"href":"https:\/\/fromagerie.maison-cardinet.com\/voiron\/wp-json\/wp\/v2\/product_tag?post=177"}],"curies":[{"name":"wp","href":"https:\/\/api.w.org\/{rel}","templated":true}]}}