{"id":173,"date":"2020-09-17T22:11:47","date_gmt":"2020-09-17T20:11:47","guid":{"rendered":"https:\/\/fromagerie.maison-cardinet.com\/voiron\/boutique\/non%20class\u00e9\/fondue-moitie-moitie\/"},"modified":"2024-12-13T00:32:01","modified_gmt":"2024-12-12T23:32:01","slug":"fondue-moitie-moitie","status":"publish","type":"product","link":"https:\/\/fromagerie.maison-cardinet.com\/voiron\/produit\/fondue-moitie-moitie\/","title":{"rendered":"Fondue moiti\u00e9 \/ moiti\u00e9"},"content":{"rendered":"<p>Envie de d\u00e9guster une <strong>Fondue moiti\u00e9 moiti\u00e9<\/strong> ?<\/p>\n<p>Un fin \u00e9quilibre entre le <strong>Gruy\u00e8re suisse d&rsquo;alpage<\/strong> et le <strong>Vacherin fribourgeois<\/strong> !<\/p>\n<p>Bien s\u00fbr, nos <strong>fromages \u00e0 fondue<\/strong> sont livr\u00e9s <strong>r\u00e2p\u00e9s<\/strong> !<\/p>\n<p>La <strong>fondue<\/strong> est un <strong>plat convivial<\/strong> par excellence, id\u00e9al pendant la saison froide (mais rien n\u2019interdit de d\u00e9guster une bonne fondue toute l\u2019ann\u00e9e !)<\/p>\n","protected":false},"excerpt":{"rendered":"<p>Un fin \u00e9quilibre entre le <strong>Gruy\u00e8re suisse d&rsquo;alpage<\/strong> et le <strong>Vacherin fribourgeois<\/strong> !<\/p>\n","protected":false},"featured_media":174,"template":"","meta":[],"product_brand":[],"product_cat":[44],"product_tag":[112,118,113,119,148,120,116,117],"class_list":{"0":"post-173","1":"product","2":"type-product","3":"status-publish","4":"has-post-thumbnail","6":"product_cat-fondues","7":"product_tag-fondue","8":"product_tag-fondue-a-voiron","9":"product_tag-fondue-en-ligne","10":"product_tag-fondue-moitie-moitie","11":"product_tag-fondue-moitie-moitie-a-voiron","12":"product_tag-gruyere-suisse-dalpage","13":"product_tag-soiree-fondue","14":"product_tag-vacherin-fribourgeois","16":"first","17":"instock","18":"shipping-taxable","19":"purchasable","20":"product-type-simple"},"aioseo_notices":[],"_links":{"self":[{"href":"https:\/\/fromagerie.maison-cardinet.com\/voiron\/wp-json\/wp\/v2\/product\/173","targetHints":{"allow":["GET"]}}],"collection":[{"href":"https:\/\/fromagerie.maison-cardinet.com\/voiron\/wp-json\/wp\/v2\/product"}],"about":[{"href":"https:\/\/fromagerie.maison-cardinet.com\/voiron\/wp-json\/wp\/v2\/types\/product"}],"wp:featuredmedia":[{"embeddable":true,"href":"https:\/\/fromagerie.maison-cardinet.com\/voiron\/wp-json\/wp\/v2\/media\/174"}],"wp:attachment":[{"href":"https:\/\/fromagerie.maison-cardinet.com\/voiron\/wp-json\/wp\/v2\/media?parent=173"}],"wp:term":[{"taxonomy":"product_brand","embeddable":true,"href":"https:\/\/fromagerie.maison-cardinet.com\/voiron\/wp-json\/wp\/v2\/product_brand?post=173"},{"taxonomy":"product_cat","embeddable":true,"href":"https:\/\/fromagerie.maison-cardinet.com\/voiron\/wp-json\/wp\/v2\/product_cat?post=173"},{"taxonomy":"product_tag","embeddable":true,"href":"https:\/\/fromagerie.maison-cardinet.com\/voiron\/wp-json\/wp\/v2\/product_tag?post=173"}],"curies":[{"name":"wp","href":"https:\/\/api.w.org\/{rel}","templated":true}]}}