{"id":171,"date":"2020-09-17T23:01:58","date_gmt":"2020-09-17T21:01:58","guid":{"rendered":"https:\/\/fromagerie.maison-cardinet.com\/voiron\/boutique\/non%20class\u00e9\/fondue-suisse\/"},"modified":"2024-12-13T00:17:36","modified_gmt":"2024-12-12T23:17:36","slug":"fondue-suisse","status":"publish","type":"product","link":"https:\/\/fromagerie.maison-cardinet.com\/voiron\/produit\/fondue-suisse\/","title":{"rendered":"Fondue suisse"},"content":{"rendered":"<p>Envie de d\u00e9guster une <strong>Fondue\u00a0suisse<\/strong> ?<\/p>\n<p>L&rsquo;alliance de l&rsquo;<strong>Appenzeller<\/strong>, du <strong>Gruy\u00e8re suisse<\/strong> et du <strong>Vacherin fribourgeois<\/strong> !<\/p>\n<p>Bien s\u00fbr, nos <strong>fromages \u00e0 fondue<\/strong> sont livr\u00e9s <strong>r\u00e2p\u00e9s<\/strong> !<\/p>\n<p>La <strong>fondue<\/strong> est un <strong>plat convivial<\/strong> par excellence, id\u00e9al pendant la saison froide (mais rien n\u2019interdit de d\u00e9guster une bonne fondue toute l\u2019ann\u00e9e !)<\/p>\n","protected":false},"excerpt":{"rendered":"<p>L&rsquo;alliance de l&rsquo;<strong>Appenzeller<\/strong>, du <strong>Gruy\u00e8re suisse<\/strong> et du <strong>Vacherin fribourgeois<\/strong> !<\/p>\n","protected":false},"featured_media":172,"template":"","meta":[],"product_brand":[],"product_cat":[44],"product_tag":[111,112,118,113,114,143,115,116,117],"class_list":{"0":"post-171","1":"product","2":"type-product","3":"status-publish","4":"has-post-thumbnail","6":"product_cat-fondues","7":"product_tag-appenzeller","8":"product_tag-fondue","9":"product_tag-fondue-a-voiron","10":"product_tag-fondue-en-ligne","11":"product_tag-fondue-suisse","12":"product_tag-fondue-suisse-a-voiron","13":"product_tag-gruyere-suisse","14":"product_tag-soiree-fondue","15":"product_tag-vacherin-fribourgeois","17":"first","18":"instock","19":"shipping-taxable","20":"purchasable","21":"product-type-simple"},"aioseo_notices":[],"_links":{"self":[{"href":"https:\/\/fromagerie.maison-cardinet.com\/voiron\/wp-json\/wp\/v2\/product\/171","targetHints":{"allow":["GET"]}}],"collection":[{"href":"https:\/\/fromagerie.maison-cardinet.com\/voiron\/wp-json\/wp\/v2\/product"}],"about":[{"href":"https:\/\/fromagerie.maison-cardinet.com\/voiron\/wp-json\/wp\/v2\/types\/product"}],"wp:featuredmedia":[{"embeddable":true,"href":"https:\/\/fromagerie.maison-cardinet.com\/voiron\/wp-json\/wp\/v2\/media\/172"}],"wp:attachment":[{"href":"https:\/\/fromagerie.maison-cardinet.com\/voiron\/wp-json\/wp\/v2\/media?parent=171"}],"wp:term":[{"taxonomy":"product_brand","embeddable":true,"href":"https:\/\/fromagerie.maison-cardinet.com\/voiron\/wp-json\/wp\/v2\/product_brand?post=171"},{"taxonomy":"product_cat","embeddable":true,"href":"https:\/\/fromagerie.maison-cardinet.com\/voiron\/wp-json\/wp\/v2\/product_cat?post=171"},{"taxonomy":"product_tag","embeddable":true,"href":"https:\/\/fromagerie.maison-cardinet.com\/voiron\/wp-json\/wp\/v2\/product_tag?post=171"}],"curies":[{"name":"wp","href":"https:\/\/api.w.org\/{rel}","templated":true}]}}