{"id":166,"date":"2022-09-09T00:44:16","date_gmt":"2022-09-08T22:44:16","guid":{"rendered":"https:\/\/fromagerie.maison-cardinet.com\/voiron\/boutique\/non%20class\u00e9\/plateaux-de-fromages-plateaux-aperitifs\/"},"modified":"2026-04-01T02:13:15","modified_gmt":"2026-04-01T00:13:15","slug":"plateaux-de-fromages-plateaux-aperitifs","status":"publish","type":"product","link":"https:\/\/fromagerie.maison-cardinet.com\/voiron\/produit\/plateaux-de-fromages-plateaux-aperitifs\/","title":{"rendered":"Plateaux de fromages (plateaux ap\u00e9ritifs)"},"content":{"rendered":"<p>Des <strong>plateaux de fromages<\/strong> pour vos <strong>ap\u00e9ritifs<\/strong> et <strong>ap\u00e9ritifs dinatoires<\/strong>.<\/p>\n<p>Nos plateaux de fromages comportent une s\u00e9lection de <strong>fromages \u00e9tiquet\u00e9s<\/strong> (pour les identifier et les d\u00e9couvrir).<\/p>\n<p>Quelques exemples (selon la saison) :<\/p>\n<ul>\n<li>Des \u00ab fromages de couleur \u00bb (Gouda au basilic, Gouda au thym et lavande, Gouda au safran, Gouda \u00e0 la noix de coco, Mimolette extra vieille&#8230;)<\/li>\n<li>Des fromages \u00e0 p\u00e2tes persill\u00e9es, comme la Fourme de Montbrison.<\/li>\n<li>Un fromage affin\u00e9 \u00e0 la liqueur de noix, un fromage de notre r\u00e9gion, historiquement pr\u00e9par\u00e9 par les Trappistes de Chambaran, le Timanoix, un d\u00e9licieux lait de vache frott\u00e9 avec une liqueur de noix.<\/li>\n<li>Du Comt\u00e9, comme \u00ab star \u00bb de l\u2019ap\u00e9ro.<\/li>\n<li>Et pourquoi pas un fromage au lait de brebis, avec des notes de truffe (le Moliterno aux truffes), des petits ch\u00e8vres fermiers, de la tome au thym et au miel ou un fromage pesto \/ olives, notre Figuetine, une cr\u00e9ation maison aux saveurs sucr\u00e9es-sal\u00e9es ?<\/li>\n<\/ul>\n<p>Quelques fleurs de t\u00eate de moine viennent agr\u00e9menter le plateau de fromages.<\/p>\n<p><strong>Guillaume Cardinet<\/strong> fait toujours une s\u00e9lection de <strong>fromages d&rsquo;exception<\/strong> pour composer vos <strong>plateaux<\/strong>.<\/p>\n","protected":false},"excerpt":{"rendered":"<p>Des <strong>plateaux de fromages<\/strong> pour vos <strong>ap\u00e9ritifs<\/strong> et <strong>ap\u00e9ritifs dinatoires<\/strong>. Nos plateaux de fromages comportent une s\u00e9lection de <strong>fromages \u00e9tiquet\u00e9s<\/strong> (pour les identifier et les d\u00e9couvrir).<\/p>\n<div style=\"font-weight: bold; color: #cc0000;\">NB : une consigne de 4\u20ac vous sera demand\u00e9e pour le plateau (consigne qui vous est rembours\u00e9e au retour du plateau)<\/div>\n","protected":false},"featured_media":167,"template":"","meta":[],"product_brand":[],"product_cat":[21],"product_tag":[33,109,96,97,98,99,100,101,102,103,110,104,105,106,107,108],"class_list":{"0":"post-166","1":"product","2":"type-product","3":"status-publish","4":"has-post-thumbnail","6":"product_cat-plateaux-de-fromages","7":"product_tag-comte","8":"product_tag-figuetine","9":"product_tag-fourme-de-montbrison","10":"product_tag-fromages-a-pates-persillees","11":"product_tag-fromages-etiquetes","12":"product_tag-gouda-a-la-noix-de-coco","13":"product_tag-gouda-au-basilic","14":"product_tag-gouda-au-safran","15":"product_tag-gouda-au-thym-et-lavande","16":"product_tag-mimolette-extra-vieille","17":"product_tag-moliterno-aux-truffes","18":"product_tag-plateaux-de-fromages","19":"product_tag-plateaux-de-fromages-pour-aperitifs-dinatoires","20":"product_tag-plateaux-de-fromages-pour-laperitifs","21":"product_tag-tete-de-moine","22":"product_tag-timanoix","24":"first","25":"instock","26":"shipping-taxable","27":"purchasable","28":"product-type-variable"},"aioseo_notices":[],"_links":{"self":[{"href":"https:\/\/fromagerie.maison-cardinet.com\/voiron\/wp-json\/wp\/v2\/product\/166","targetHints":{"allow":["GET"]}}],"collection":[{"href":"https:\/\/fromagerie.maison-cardinet.com\/voiron\/wp-json\/wp\/v2\/product"}],"about":[{"href":"https:\/\/fromagerie.maison-cardinet.com\/voiron\/wp-json\/wp\/v2\/types\/product"}],"wp:featuredmedia":[{"embeddable":true,"href":"https:\/\/fromagerie.maison-cardinet.com\/voiron\/wp-json\/wp\/v2\/media\/167"}],"wp:attachment":[{"href":"https:\/\/fromagerie.maison-cardinet.com\/voiron\/wp-json\/wp\/v2\/media?parent=166"}],"wp:term":[{"taxonomy":"product_brand","embeddable":true,"href":"https:\/\/fromagerie.maison-cardinet.com\/voiron\/wp-json\/wp\/v2\/product_brand?post=166"},{"taxonomy":"product_cat","embeddable":true,"href":"https:\/\/fromagerie.maison-cardinet.com\/voiron\/wp-json\/wp\/v2\/product_cat?post=166"},{"taxonomy":"product_tag","embeddable":true,"href":"https:\/\/fromagerie.maison-cardinet.com\/voiron\/wp-json\/wp\/v2\/product_tag?post=166"}],"curies":[{"name":"wp","href":"https:\/\/api.w.org\/{rel}","templated":true}]}}