{"id":161,"date":"2022-09-09T00:48:21","date_gmt":"2022-09-08T22:48:21","guid":{"rendered":"https:\/\/fromagerie.maison-cardinet.com\/voiron\/boutique\/non%20class\u00e9\/plateaux-de-fromages-repas-fromages\/"},"modified":"2026-04-01T02:09:54","modified_gmt":"2026-04-01T00:09:54","slug":"plateaux-de-fromages-repas-fromages","status":"publish","type":"product","link":"https:\/\/fromagerie.maison-cardinet.com\/voiron\/produit\/plateaux-de-fromages-repas-fromages\/","title":{"rendered":"Plateaux de fromages (repas fromages)"},"content":{"rendered":"<p>Des <strong>plateaux de fromages<\/strong> pour des <strong>repas bas\u00e9s sur le fromage<\/strong>.<\/p>\n<p>Nos plateaux de fromages comportent une s\u00e9lection de <strong>fromages \u00e9tiquet\u00e9s<\/strong> (pour les identifier et les d\u00e9couvrir).<\/p>\n<p>Vous trouverez sur votre plateau de grands classiques mais aussi des fromages plus rares.<\/p>\n<p>Quelques fleurs de t\u00eate de moine viennent agr\u00e9menter le plateau de fromages.<\/p>\n<p><strong>Guillaume Cardinet<\/strong> fait toujours une s\u00e9lection de <strong>fromages d&rsquo;exception<\/strong> pour composer vos <strong>plateaux<\/strong>.<\/p>\n","protected":false},"excerpt":{"rendered":"<p>Des <strong>plateaux de fromages<\/strong> pour des <strong>repas bas\u00e9s sur le fromage<\/strong>. Nos plateaux de fromages comportent une s\u00e9lection de <strong>fromages \u00e9tiquet\u00e9s<\/strong> (pour les identifier et les d\u00e9couvrir).<\/p>\n<div style=\"font-weight: bold; color: #cc0000;\">NB : une consigne de 4\u20ac vous sera demand\u00e9e pour le plateau (consigne qui vous est rembours\u00e9e au retour du plateau)<\/div>\n","protected":false},"featured_media":162,"template":"","meta":[],"product_brand":[],"product_cat":[21],"product_tag":[33,96,97,98,99,100,101,102,103,104,105,106,107,108],"class_list":{"0":"post-161","1":"product","2":"type-product","3":"status-publish","4":"has-post-thumbnail","6":"product_cat-plateaux-de-fromages","7":"product_tag-comte","8":"product_tag-fourme-de-montbrison","9":"product_tag-fromages-a-pates-persillees","10":"product_tag-fromages-etiquetes","11":"product_tag-gouda-a-la-noix-de-coco","12":"product_tag-gouda-au-basilic","13":"product_tag-gouda-au-safran","14":"product_tag-gouda-au-thym-et-lavande","15":"product_tag-mimolette-extra-vieille","16":"product_tag-plateaux-de-fromages","17":"product_tag-plateaux-de-fromages-pour-aperitifs-dinatoires","18":"product_tag-plateaux-de-fromages-pour-laperitifs","19":"product_tag-tete-de-moine","20":"product_tag-timanoix","22":"first","23":"instock","24":"shipping-taxable","25":"purchasable","26":"product-type-variable"},"aioseo_notices":[],"_links":{"self":[{"href":"https:\/\/fromagerie.maison-cardinet.com\/voiron\/wp-json\/wp\/v2\/product\/161","targetHints":{"allow":["GET"]}}],"collection":[{"href":"https:\/\/fromagerie.maison-cardinet.com\/voiron\/wp-json\/wp\/v2\/product"}],"about":[{"href":"https:\/\/fromagerie.maison-cardinet.com\/voiron\/wp-json\/wp\/v2\/types\/product"}],"wp:featuredmedia":[{"embeddable":true,"href":"https:\/\/fromagerie.maison-cardinet.com\/voiron\/wp-json\/wp\/v2\/media\/162"}],"wp:attachment":[{"href":"https:\/\/fromagerie.maison-cardinet.com\/voiron\/wp-json\/wp\/v2\/media?parent=161"}],"wp:term":[{"taxonomy":"product_brand","embeddable":true,"href":"https:\/\/fromagerie.maison-cardinet.com\/voiron\/wp-json\/wp\/v2\/product_brand?post=161"},{"taxonomy":"product_cat","embeddable":true,"href":"https:\/\/fromagerie.maison-cardinet.com\/voiron\/wp-json\/wp\/v2\/product_cat?post=161"},{"taxonomy":"product_tag","embeddable":true,"href":"https:\/\/fromagerie.maison-cardinet.com\/voiron\/wp-json\/wp\/v2\/product_tag?post=161"}],"curies":[{"name":"wp","href":"https:\/\/api.w.org\/{rel}","templated":true}]}}