{"id":144,"date":"2023-07-05T01:09:41","date_gmt":"2023-07-04T23:09:41","guid":{"rendered":"https:\/\/fromagerie.maison-cardinet.com\/voiron\/boutique\/non%20class\u00e9\/plateaux-de-fromages-fin-de-repas\/"},"modified":"2026-04-01T02:07:03","modified_gmt":"2026-04-01T00:07:03","slug":"plateaux-de-fromages-fin-de-repas","status":"publish","type":"product","link":"https:\/\/fromagerie.maison-cardinet.com\/voiron\/produit\/plateaux-de-fromages-fin-de-repas\/","title":{"rendered":"Plateaux de fromages (fin de repas)"},"content":{"rendered":"<p>Des <strong>plateaux de fromages<\/strong> pour des <strong>repas bas\u00e9s sur le fromage<\/strong>.<\/p>\n<p>Nos plateaux de fromages comportent une s\u00e9lection de <strong>fromages \u00e9tiquet\u00e9s<\/strong> (pour les identifier et les d\u00e9couvrir).<\/p>\n<p>Des grands classiques et des d\u00e9couvertes !<\/p>\n<p>Quelques fleurs de t\u00eate de moine viennent agr\u00e9menter le plateau de fromages.<\/p>\n<p><strong>Guillaume Cardinet<\/strong> fait toujours une s\u00e9lection de <strong>fromages d&rsquo;exception<\/strong> pour composer vos <strong>plateaux<\/strong>.<\/p>\n","protected":false},"excerpt":{"rendered":"<p>Des <strong>plateaux de fromages<\/strong> pour des <strong>repas bas\u00e9s sur le fromage<\/strong>. Nos plateaux de fromages comportent une s\u00e9lection de <strong>fromages \u00e9tiquet\u00e9s<\/strong> (pour les identifier et les d\u00e9couvrir).<\/p>\n<div style=\"font-weight: bold; color: #cc0000;\">NB : une consigne de 4\u20ac vous sera demand\u00e9e pour le plateau (consigne qui vous est rembours\u00e9e au retour du plateau)<\/div>\n","protected":false},"featured_media":145,"template":"","meta":[],"product_brand":[],"product_cat":[21],"product_tag":[104,139],"class_list":{"0":"post-144","1":"product","2":"type-product","3":"status-publish","4":"has-post-thumbnail","6":"product_cat-plateaux-de-fromages","7":"product_tag-plateaux-de-fromages","8":"product_tag-plateaux-de-fromages-pour-fin-de-repas","10":"first","11":"instock","12":"shipping-taxable","13":"purchasable","14":"product-type-variable"},"aioseo_notices":[],"_links":{"self":[{"href":"https:\/\/fromagerie.maison-cardinet.com\/voiron\/wp-json\/wp\/v2\/product\/144","targetHints":{"allow":["GET"]}}],"collection":[{"href":"https:\/\/fromagerie.maison-cardinet.com\/voiron\/wp-json\/wp\/v2\/product"}],"about":[{"href":"https:\/\/fromagerie.maison-cardinet.com\/voiron\/wp-json\/wp\/v2\/types\/product"}],"wp:featuredmedia":[{"embeddable":true,"href":"https:\/\/fromagerie.maison-cardinet.com\/voiron\/wp-json\/wp\/v2\/media\/145"}],"wp:attachment":[{"href":"https:\/\/fromagerie.maison-cardinet.com\/voiron\/wp-json\/wp\/v2\/media?parent=144"}],"wp:term":[{"taxonomy":"product_brand","embeddable":true,"href":"https:\/\/fromagerie.maison-cardinet.com\/voiron\/wp-json\/wp\/v2\/product_brand?post=144"},{"taxonomy":"product_cat","embeddable":true,"href":"https:\/\/fromagerie.maison-cardinet.com\/voiron\/wp-json\/wp\/v2\/product_cat?post=144"},{"taxonomy":"product_tag","embeddable":true,"href":"https:\/\/fromagerie.maison-cardinet.com\/voiron\/wp-json\/wp\/v2\/product_tag?post=144"}],"curies":[{"name":"wp","href":"https:\/\/api.w.org\/{rel}","templated":true}]}}